{"id":216,"date":"2018-06-28T22:49:51","date_gmt":"2018-06-28T22:49:51","guid":{"rendered":"http:\/\/innovamedconsulting.com\/our-results\/"},"modified":"2021-03-24T19:28:34","modified_gmt":"2021-03-24T19:28:34","slug":"our-results","status":"publish","type":"page","link":"https:\/\/www.innovacryobank.com\/en\/our-results\/","title":{"rendered":"Our results"},"content":{"rendered":"<p>[et_pb_section fb_built=&#8221;1&#8243; admin_label=&#8221;Hero&#8221; _builder_version=&#8221;3.0.106&#8243; border_width_bottom=&#8221;1px&#8221; border_color_bottom=&#8221;#efefef&#8221; custom_padding=&#8221;0|0px|0|0px|false|false&#8221; bottom_divider_height=&#8221;0px&#8221;][et_pb_row use_custom_width=&#8221;on&#8221; width_unit=&#8221;off&#8221; custom_width_percent=&#8221;100%&#8221; use_custom_gutter=&#8221;on&#8221; gutter_width=&#8221;2&#8243; custom_padding=&#8221;0|0px|28px|0px|false|false&#8221; custom_margin=&#8221;|||&#8221; make_equal=&#8221;on&#8221; padding_top_1=&#8221;6%&#8221; padding_bottom_1=&#8221;6%&#8221; padding_left_1=&#8221;12%&#8221; padding_1_tablet=&#8221;50px|50px|50px|50px&#8221; padding_1_last_edited=&#8221;on|tablet&#8221; _builder_version=&#8221;3.9&#8243; background_color=&#8221;rgba(0,153,168,0.15)&#8221; module_alignment=&#8221;right&#8221; custom_margin_tablet=&#8221;||0px|&#8221; custom_margin_last_edited=&#8221;on|desktop&#8221;][et_pb_column type=&#8221;1_2&#8243; _builder_version=&#8221;3.0.47&#8243; padding_tablet=&#8221;50px|50px|50px|50px&#8221; padding_last_edited=&#8221;on|tablet&#8221; padding_bottom=&#8221;6%&#8221; padding_left=&#8221;12%&#8221; padding_top=&#8221;6%&#8221; parallax=&#8221;off&#8221; parallax_method=&#8221;on&#8221;][et_pb_text _builder_version=&#8221;3.9&#8243; text_font=&#8221;Montserrat|300|||||||&#8221; text_text_color=&#8221;#677a92&#8243; text_font_size=&#8221;16px&#8221; text_line_height=&#8221;1.8em&#8221; text_line_height_last_edited=&#8221;on|phone&#8221; header_font=&#8221;Bree Serif||||||||&#8221; header_font_size=&#8221;50px&#8221; header_font_size_phone=&#8221;36px&#8221; header_font_size_last_edited=&#8221;on|phone&#8221; header_line_height=&#8221;1.3em&#8221; header_2_font_size_phone=&#8221;30px&#8221; header_2_font_size_last_edited=&#8221;off|desktop&#8221; max_width=&#8221;600px&#8221; custom_margin=&#8221;|||&#8221; custom_margin_tablet=&#8221;0px|50px||50px&#8221; custom_margin_phone=&#8221;|20px||&#8221; custom_margin_last_edited=&#8221;off|desktop&#8221; custom_padding=&#8221;|||&#8221; locked=&#8221;off&#8221;]<\/p>\n<h1 style=\"text-align: center;\">Our Results<\/h1>\n<p>[\/et_pb_text][et_pb_text _builder_version=&#8221;3.9&#8243; text_font=&#8221;Open Sans|300|||||||&#8221; text_font_size=&#8221;16px&#8221; text_line_height=&#8221;2em&#8221; header_2_font=&#8221;Montserrat|300|||||||&#8221; header_2_text_color=&#8221;#212d3b&#8221; header_2_font_size=&#8221;40px&#8221; header_2_line_height=&#8221;1.5em&#8221; max_width=&#8221;600px&#8221; custom_margin=&#8221;|||&#8221; custom_margin_tablet=&#8221;0px|50px||50px&#8221; custom_margin_last_edited=&#8221;off|desktop&#8221; custom_padding=&#8221;|||&#8221; locked=&#8221;off&#8221;]<\/p>\n<p>Thanks to a dedicated work of our team, adjusted to the criteria of our clients, extraordinary results have been obtained.<\/p>\n<p>[\/et_pb_text][\/et_pb_column][et_pb_column type=&#8221;1_2&#8243; _builder_version=&#8221;3.0.47&#8243; parallax=&#8221;off&#8221; parallax_method=&#8221;on&#8221;][et_pb_image src=&#8221;https:\/\/innovamedconsulting.com\/wp-content\/uploads\/2018\/06\/resultados_innovamed.jpg&#8221; force_fullwidth=&#8221;on&#8221; _builder_version=&#8221;3.9&#8243; border_radii=&#8221;||||1vw&#8221; border_color_all=&#8221;#0ee1f4&#8243; border_width_left=&#8221;1vw&#8221; border_color_left=&#8221;#0b758f&#8221; box_shadow_style=&#8221;preset4&#8243; box_shadow_horizontal=&#8221;-30px&#8221; box_shadow_vertical=&#8221;0px&#8221; box_shadow_color=&#8221;#0099a8&#8243; custom_margin=&#8221;||-28px|&#8221; custom_padding=&#8221;|||&#8221; animation_style=&#8221;slide&#8221; animation_direction=&#8221;right&#8221; animation_intensity_slide=&#8221;5%&#8221;][\/et_pb_image][\/et_pb_column][\/et_pb_row][\/et_pb_section][et_pb_section fb_built=&#8221;1&#8243; _builder_version=&#8221;3.0.106&#8243; custom_padding=&#8221;55px|0px|55px|0px|true|false&#8221; locked=&#8221;off&#8221;][et_pb_row _builder_version=&#8221;3.0.106&#8243;][et_pb_column type=&#8221;4_4&#8243; _builder_version=&#8221;3.0.47&#8243; parallax=&#8221;off&#8221; parallax_method=&#8221;on&#8221;][et_pb_text _builder_version=&#8221;3.9&#8243; text_font=&#8221;||||||||&#8221; text_font_size=&#8221;24px&#8221; text_line_height=&#8221;1.8em&#8221; header_font=&#8221;||||||||&#8221; background_color=&#8221;rgba(0,153,168,0.15)&#8221; custom_padding=&#8221;60px|61px|60px|60px|false&#8221;]<\/p>\n<p>Our success rates <strong>speak for themselves<\/strong>:<\/p>\n<p>[\/et_pb_text][\/et_pb_column][\/et_pb_row][et_pb_row _builder_version=&#8221;3.9&#8243;][et_pb_column type=&#8221;1_3&#8243; _builder_version=&#8221;3.9&#8243; parallax=&#8221;off&#8221; parallax_method=&#8221;on&#8221;][et_pb_circle_counter title=&#8221;Survival Rate&#8221; number=&#8221;97&#8243; circle_color=&#8221;#0099a8&#8243; _builder_version=&#8221;3.9&#8243; title_font=&#8221;||||||||&#8221; number_font=&#8221;Bree Serif||||||||&#8221; number_text_align=&#8221;center&#8221; number_font_size=&#8221;74px&#8221; number_font_size_last_edited=&#8221;on|desktop&#8221; max_width=&#8221;210px&#8221;][\/et_pb_circle_counter][\/et_pb_column][et_pb_column type=&#8221;1_3&#8243; _builder_version=&#8221;3.9&#8243; parallax=&#8221;off&#8221; parallax_method=&#8221;on&#8221;][et_pb_circle_counter title=&#8221;Fertilization Rate&#8221; number=&#8221;82&#8243; circle_color=&#8221;#0099a8&#8243; _builder_version=&#8221;3.9&#8243; title_font=&#8221;||||||||&#8221; number_font=&#8221;Bree Serif||||||||&#8221; number_text_align=&#8221;center&#8221; number_font_size=&#8221;74px&#8221; number_font_size_last_edited=&#8221;on|desktop&#8221; max_width=&#8221;210px&#8221;][\/et_pb_circle_counter][\/et_pb_column][et_pb_column type=&#8221;1_3&#8243; _builder_version=&#8221;3.9&#8243; parallax=&#8221;off&#8221; parallax_method=&#8221;on&#8221;][et_pb_circle_counter title=&#8221;Clinical Pregnancy Rate&#8221; number=&#8221;64&#8243; circle_color=&#8221;#0099a8&#8243; _builder_version=&#8221;3.9&#8243; title_font=&#8221;||||||||&#8221; number_font=&#8221;Bree Serif||||||||&#8221; number_text_align=&#8221;center&#8221; number_font_size=&#8221;74px&#8221; number_font_size_last_edited=&#8221;on|desktop&#8221; max_width=&#8221;210px&#8221;][\/et_pb_circle_counter][\/et_pb_column][\/et_pb_row][et_pb_row _builder_version=&#8221;3.0.106&#8243;][et_pb_column type=&#8221;2_3&#8243; _builder_version=&#8221;3.0.47&#8243; parallax=&#8221;off&#8221; parallax_method=&#8221;on&#8221;][et_pb_text _builder_version=&#8221;3.9&#8243; text_font=&#8221;||||||||&#8221; text_font_size=&#8221;24px&#8221; text_line_height=&#8221;1.8em&#8221; header_font=&#8221;||||||||&#8221; background_color=&#8221;rgba(11,117,143,0.2)&#8221; custom_padding=&#8221;60px|61px|60px|60px|false&#8221;]<\/p>\n<p>The strict selection criteria for donors and partnership with top-level clinics and embryologists in Ukraine guarantee high success rates.<\/p>\n<p>[\/et_pb_text][\/et_pb_column][et_pb_column type=&#8221;1_3&#8243; _builder_version=&#8221;3.0.47&#8243; parallax=&#8221;off&#8221; parallax_method=&#8221;on&#8221;][et_pb_number_counter title=&#8221;Success rate&#8221; number=&#8221;83%&#8221; _builder_version=&#8221;3.9&#8243; number_font=&#8221;Bree Serif||||||||&#8221; number_font_size=&#8221;120px&#8221; number_line_height=&#8221;49px&#8221; custom_padding=&#8221;120px|||&#8221;][\/et_pb_number_counter][\/et_pb_column][\/et_pb_row][et_pb_row _builder_version=&#8221;3.0.106&#8243;][et_pb_column type=&#8221;4_4&#8243; _builder_version=&#8221;3.0.47&#8243; parallax=&#8221;off&#8221; parallax_method=&#8221;on&#8221;][et_pb_text _builder_version=&#8221;3.9&#8243; text_font=&#8221;||||||||&#8221; text_font_size=&#8221;24px&#8221; text_line_height=&#8221;1.8em&#8221; header_font=&#8221;||||||||&#8221; background_color=&#8221;rgba(0,153,168,0.15)&#8221; custom_padding=&#8221;60px|61px|60px|60px|false&#8221;]<\/p>\n<p>We will continue working to further improve our results and thus help more patients.<\/p>\n<p>[\/et_pb_text][\/et_pb_column][\/et_pb_row][\/et_pb_section][et_pb_section fb_built=&#8221;1&#8243; admin_label=&#8221;Hero&#8221; _builder_version=&#8221;3.9&#8243; background_color=&#8221;#f8fbfe&#8221; use_background_color_gradient=&#8221;on&#8221; background_color_gradient_start=&#8221;#0099a8&#8243; background_color_gradient_end=&#8221;#0b758f&#8221; background_color_gradient_type=&#8221;radial&#8221; background_color_gradient_direction_radial=&#8221;top&#8221; background_color_gradient_start_position=&#8221;50%&#8221; background_color_gradient_overlays_image=&#8221;on&#8221; background_blend=&#8221;overlay&#8221; custom_margin=&#8221;30px|||&#8221; custom_padding=&#8221;0||0||false|false&#8221; top_divider_height=&#8221;50px&#8221; animation_direction=&#8221;bottom&#8221; global_module=&#8221;55&#8243;][et_pb_row custom_padding=&#8221;41px|0px|60px|0px|false|false&#8221; _builder_version=&#8221;3.8&#8243;][et_pb_column type=&#8221;2_3&#8243; _builder_version=&#8221;3.0.47&#8243; parallax=&#8221;off&#8221; parallax_method=&#8221;on&#8221;][et_pb_text _builder_version=&#8221;3.9&#8243; text_font=&#8221;Open Sans||||||||&#8221; text_text_color=&#8221;#ffffff&#8221; text_font_size=&#8221;36px&#8221; header_font=&#8221;Bree Serif||||||||&#8221; header_2_font=&#8221;Bree Serif||||||||&#8221; header_3_font=&#8221;Bree Serif||||||||&#8221; header_4_font=&#8221;Bree Serif||||||||&#8221; custom_padding=&#8221;15px|||&#8221;]<\/p>\n<p>\u00bfTiene inter\u00e9s en conocernos?<\/p>\n<p>[\/et_pb_text][\/et_pb_column][et_pb_column type=&#8221;1_3&#8243; _builder_version=&#8221;3.0.47&#8243; parallax=&#8221;off&#8221; parallax_method=&#8221;on&#8221;][et_pb_button button_url=&#8221;https:\/\/www.innovacryobank.com\/contact\/?lang=en&#8221; button_text=&#8221;Contact us&#8221; _builder_version=&#8221;3.8&#8243; background_layout=&#8221;dark&#8221;][\/et_pb_button][\/et_pb_column][\/et_pb_row][\/et_pb_section]<\/p>\n","protected":false},"excerpt":{"rendered":"<p>Our Results Thanks to a dedicated work of our team, adjusted to the criteria of our clients, extraordinary results have been obtained.Our success rates speak for themselves:The strict selection criteria for donors and partnership with top-level clinics and embryologists in Ukraine guarantee high success rates.We will continue working to further improve our results and thus [&hellip;]<\/p>\n","protected":false},"author":1,"featured_media":0,"parent":0,"menu_order":0,"comment_status":"closed","ping_status":"closed","template":"","meta":{"_et_pb_use_builder":"on","_et_pb_old_content":"","_et_gb_content_width":"","_monsterinsights_skip_tracking":false,"_monsterinsights_sitenote_active":false,"_monsterinsights_sitenote_note":"","_monsterinsights_sitenote_category":0,"_joinchat":[],"footnotes":""},"class_list":["post-216","page","type-page","status-publish","hentry"],"yoast_head":"<!-- This site is optimized with the Yoast SEO plugin v27.4 - https:\/\/yoast.com\/product\/yoast-seo-wordpress\/ -->\n<title>Our results - Donaci\u00f3n de semen y \u00f3vulos en Logro\u00f1o \u2013 Innova Cryobank<\/title>\n<meta name=\"robots\" content=\"index, follow, max-snippet:-1, max-image-preview:large, max-video-preview:-1\" \/>\n<link rel=\"canonical\" href=\"https:\/\/www.innovacryobank.com\/en\/our-results\/\" \/>\n<meta property=\"og:locale\" content=\"en_US\" \/>\n<meta property=\"og:type\" content=\"article\" \/>\n<meta property=\"og:title\" content=\"Our results - Donaci\u00f3n de semen y \u00f3vulos en Logro\u00f1o \u2013 Innova Cryobank\" \/>\n<meta property=\"og:description\" content=\"Our Results Thanks to a dedicated work of our team, adjusted to the criteria of our clients, extraordinary results have been obtained.Our success rates speak for themselves:The strict selection criteria for donors and partnership with top-level clinics and embryologists in Ukraine guarantee high success rates.We will continue working to further improve our results and thus [&hellip;]\" \/>\n<meta property=\"og:url\" content=\"https:\/\/www.innovacryobank.com\/en\/our-results\/\" \/>\n<meta property=\"og:site_name\" content=\"Donaci\u00f3n de semen y \u00f3vulos en Logro\u00f1o \u2013 Innova Cryobank\" \/>\n<meta property=\"article:modified_time\" content=\"2021-03-24T19:28:34+00:00\" \/>\n<meta name=\"twitter:card\" content=\"summary_large_image\" \/>\n<meta name=\"twitter:label1\" content=\"Est. reading time\" \/>\n\t<meta name=\"twitter:data1\" content=\"5 minutes\" \/>\n<script type=\"application\/ld+json\" class=\"yoast-schema-graph\">{\"@context\":\"https:\\\/\\\/schema.org\",\"@graph\":[{\"@type\":\"WebPage\",\"@id\":\"https:\\\/\\\/www.innovacryobank.com\\\/en\\\/our-results\\\/\",\"url\":\"https:\\\/\\\/www.innovacryobank.com\\\/en\\\/our-results\\\/\",\"name\":\"Our results - Donaci\u00f3n de semen y \u00f3vulos en Logro\u00f1o \u2013 Innova Cryobank\",\"isPartOf\":{\"@id\":\"https:\\\/\\\/www.innovacryobank.com\\\/en\\\/#website\"},\"datePublished\":\"2018-06-28T22:49:51+00:00\",\"dateModified\":\"2021-03-24T19:28:34+00:00\",\"breadcrumb\":{\"@id\":\"https:\\\/\\\/www.innovacryobank.com\\\/en\\\/our-results\\\/#breadcrumb\"},\"inLanguage\":\"en-US\",\"potentialAction\":[{\"@type\":\"ReadAction\",\"target\":[\"https:\\\/\\\/www.innovacryobank.com\\\/en\\\/our-results\\\/\"]}]},{\"@type\":\"BreadcrumbList\",\"@id\":\"https:\\\/\\\/www.innovacryobank.com\\\/en\\\/our-results\\\/#breadcrumb\",\"itemListElement\":[{\"@type\":\"ListItem\",\"position\":1,\"name\":\"Portada\",\"item\":\"https:\\\/\\\/www.innovacryobank.com\\\/en\\\/\"},{\"@type\":\"ListItem\",\"position\":2,\"name\":\"Our results\"}]},{\"@type\":\"WebSite\",\"@id\":\"https:\\\/\\\/www.innovacryobank.com\\\/en\\\/#website\",\"url\":\"https:\\\/\\\/www.innovacryobank.com\\\/en\\\/\",\"name\":\"Donaci\u00f3n de semen y \u00f3vulos en Logro\u00f1o \u2013 Innova Cryobank\",\"description\":\"YOUR MOST RELIABLE AND SAFEST PARTNER IN REACHING THE BEST RESULTS\",\"potentialAction\":[{\"@type\":\"SearchAction\",\"target\":{\"@type\":\"EntryPoint\",\"urlTemplate\":\"https:\\\/\\\/www.innovacryobank.com\\\/en\\\/?s={search_term_string}\"},\"query-input\":{\"@type\":\"PropertyValueSpecification\",\"valueRequired\":true,\"valueName\":\"search_term_string\"}}],\"inLanguage\":\"en-US\"}]}<\/script>\n<!-- \/ Yoast SEO plugin. -->","yoast_head_json":{"title":"Our results - Donaci\u00f3n de semen y \u00f3vulos en Logro\u00f1o \u2013 Innova Cryobank","robots":{"index":"index","follow":"follow","max-snippet":"max-snippet:-1","max-image-preview":"max-image-preview:large","max-video-preview":"max-video-preview:-1"},"canonical":"https:\/\/www.innovacryobank.com\/en\/our-results\/","og_locale":"en_US","og_type":"article","og_title":"Our results - Donaci\u00f3n de semen y \u00f3vulos en Logro\u00f1o \u2013 Innova Cryobank","og_description":"Our Results Thanks to a dedicated work of our team, adjusted to the criteria of our clients, extraordinary results have been obtained.Our success rates speak for themselves:The strict selection criteria for donors and partnership with top-level clinics and embryologists in Ukraine guarantee high success rates.We will continue working to further improve our results and thus [&hellip;]","og_url":"https:\/\/www.innovacryobank.com\/en\/our-results\/","og_site_name":"Donaci\u00f3n de semen y \u00f3vulos en Logro\u00f1o \u2013 Innova Cryobank","article_modified_time":"2021-03-24T19:28:34+00:00","twitter_card":"summary_large_image","twitter_misc":{"Est. reading time":"5 minutes"},"schema":{"@context":"https:\/\/schema.org","@graph":[{"@type":"WebPage","@id":"https:\/\/www.innovacryobank.com\/en\/our-results\/","url":"https:\/\/www.innovacryobank.com\/en\/our-results\/","name":"Our results - Donaci\u00f3n de semen y \u00f3vulos en Logro\u00f1o \u2013 Innova Cryobank","isPartOf":{"@id":"https:\/\/www.innovacryobank.com\/en\/#website"},"datePublished":"2018-06-28T22:49:51+00:00","dateModified":"2021-03-24T19:28:34+00:00","breadcrumb":{"@id":"https:\/\/www.innovacryobank.com\/en\/our-results\/#breadcrumb"},"inLanguage":"en-US","potentialAction":[{"@type":"ReadAction","target":["https:\/\/www.innovacryobank.com\/en\/our-results\/"]}]},{"@type":"BreadcrumbList","@id":"https:\/\/www.innovacryobank.com\/en\/our-results\/#breadcrumb","itemListElement":[{"@type":"ListItem","position":1,"name":"Portada","item":"https:\/\/www.innovacryobank.com\/en\/"},{"@type":"ListItem","position":2,"name":"Our results"}]},{"@type":"WebSite","@id":"https:\/\/www.innovacryobank.com\/en\/#website","url":"https:\/\/www.innovacryobank.com\/en\/","name":"Donaci\u00f3n de semen y \u00f3vulos en Logro\u00f1o \u2013 Innova Cryobank","description":"YOUR MOST RELIABLE AND SAFEST PARTNER IN REACHING THE BEST RESULTS","potentialAction":[{"@type":"SearchAction","target":{"@type":"EntryPoint","urlTemplate":"https:\/\/www.innovacryobank.com\/en\/?s={search_term_string}"},"query-input":{"@type":"PropertyValueSpecification","valueRequired":true,"valueName":"search_term_string"}}],"inLanguage":"en-US"}]}},"_links":{"self":[{"href":"https:\/\/www.innovacryobank.com\/en\/wp-json\/wp\/v2\/pages\/216","targetHints":{"allow":["GET"]}}],"collection":[{"href":"https:\/\/www.innovacryobank.com\/en\/wp-json\/wp\/v2\/pages"}],"about":[{"href":"https:\/\/www.innovacryobank.com\/en\/wp-json\/wp\/v2\/types\/page"}],"author":[{"embeddable":true,"href":"https:\/\/www.innovacryobank.com\/en\/wp-json\/wp\/v2\/users\/1"}],"replies":[{"embeddable":true,"href":"https:\/\/www.innovacryobank.com\/en\/wp-json\/wp\/v2\/comments?post=216"}],"version-history":[{"count":21,"href":"https:\/\/www.innovacryobank.com\/en\/wp-json\/wp\/v2\/pages\/216\/revisions"}],"predecessor-version":[{"id":714,"href":"https:\/\/www.innovacryobank.com\/en\/wp-json\/wp\/v2\/pages\/216\/revisions\/714"}],"wp:attachment":[{"href":"https:\/\/www.innovacryobank.com\/en\/wp-json\/wp\/v2\/media?parent=216"}],"curies":[{"name":"wp","href":"https:\/\/api.w.org\/{rel}","templated":true}]}}