{"id":779,"date":"2021-04-08T14:56:52","date_gmt":"2021-04-08T14:56:52","guid":{"rendered":"https:\/\/www.innovacryobank.com\/?page_id=779"},"modified":"2021-09-13T18:13:12","modified_gmt":"2021-09-13T18:13:12","slug":"fertility-preservation","status":"publish","type":"page","link":"https:\/\/www.innovacryobank.com\/en\/fertility-preservation\/","title":{"rendered":"Fertility Preservation"},"content":{"rendered":"<p>[et_pb_section fb_built=&#8221;1&#8243; prev_background_color=&#8221;#ffffff&#8221; next_background_color=&#8221;#ffffff&#8221; _builder_version=&#8221;4.9.4&#8243; _module_preset=&#8221;default&#8221; use_background_color_gradient=&#8221;on&#8221; background_color_gradient_start=&#8221;#009aa6&#8243; background_color_gradient_end=&#8221;#006780&#8243; top_divider_style=&#8221;arrow3&#8243; top_divider_height=&#8221;50px&#8221; bottom_divider_style=&#8221;arrow3&#8243; bottom_divider_height=&#8221;50px&#8221; global_colors_info=&#8221;{}&#8221;][et_pb_row _builder_version=&#8221;4.9.4&#8243; _module_preset=&#8221;default&#8221; global_colors_info=&#8221;{}&#8221;][et_pb_column type=&#8221;4_4&#8243; _builder_version=&#8221;4.9.4&#8243; _module_preset=&#8221;default&#8221; global_colors_info=&#8221;{}&#8221;][et_pb_text _builder_version=&#8221;4.9.4&#8243; _module_preset=&#8221;default&#8221; header_text_align=&#8221;center&#8221; header_text_color=&#8221;#FFFFFF&#8221; header_font_size=&#8221;76px&#8221; custom_padding=&#8221;30px||30px||false|false&#8221; animation_style=&#8221;flip&#8221; global_colors_info=&#8221;{}&#8221;]<\/p>\n<h1 class=\"title-heading-center\"><a href=\"https:\/\/www.innovacryobank.com\/en\/fertility-preservation-for-cancer-patients\/\" aria-current=\"page\">Fertility Preservation<\/a><\/h1>\n<p>[\/et_pb_text][\/et_pb_column][\/et_pb_row][\/et_pb_section][et_pb_section fb_built=&#8221;1&#8243; _builder_version=&#8221;4.10.7&#8243; _module_preset=&#8221;default&#8221;][et_pb_row _builder_version=&#8221;4.10.7&#8243; _module_preset=&#8221;default&#8221; column_structure=&#8221;1_2,1_2&#8243;][et_pb_column _builder_version=&#8221;4.10.7&#8243; _module_preset=&#8221;default&#8221; type=&#8221;1_2&#8243;][et_pb_text _builder_version=&#8221;4.9.3&#8243; text_font_size=&#8221;16px&#8221; header_font_size=&#8221;36px&#8221; max_width=&#8221;600px&#8221; custom_margin_tablet=&#8221;0px|50px||50px&#8221; custom_margin_phone=&#8221;|20px||&#8221; custom_margin_last_edited=&#8221;off|desktop&#8221; header_2_font_size_phone=&#8221;30px&#8221; header_2_font_size_last_edited=&#8221;off|desktop&#8221; locked=&#8221;off&#8221; global_colors_info=&#8221;{}&#8221;]<\/p>\n<h1>Fertility Insurance<br \/>for women<\/h1>\n<p>[\/et_pb_text][et_pb_text _builder_version=&#8221;4.9.3&#8243; text_font_size=&#8221;16px&#8221; text_line_height=&#8221;2em&#8221; link_font=&#8221;||||||||&#8221; ul_font=&#8221;||||||||&#8221; ol_font=&#8221;||||||||&#8221; quote_font=&#8221;||||||||&#8221; header_2_font=&#8221;Bree Serif|300|||||||&#8221; header_2_text_color=&#8221;#212d3b&#8221; header_2_font_size=&#8221;40px&#8221; header_2_line_height=&#8221;1.5em&#8221; header_3_font=&#8221;Bree Serif||||||||&#8221; header_4_font=&#8221;Bree Serif||||||||&#8221; header_5_font=&#8221;Bree Serif||||||||&#8221; header_6_font=&#8221;Bree Serif||||||||&#8221; max_width=&#8221;600px&#8221; custom_margin_tablet=&#8221;0px|50px||50px&#8221; custom_margin_last_edited=&#8221;off|desktop&#8221; locked=&#8221;off&#8221; global_colors_info=&#8221;{}&#8221;]<\/p>\n<p>Modern life is extremely dynamic. A woman needs time at first for her studies, then building a career. Unfortunately, female reproductive age is limited.<\/p>\n<p>We offer a very smart technology of \u201cSocial freezing\u201d if a woman wishes to postpone pregnancy and save her high-quality oocytes for a possible future desire to have children.<\/p>\n<p>[\/et_pb_text][\/et_pb_column][et_pb_column _builder_version=&#8221;4.10.7&#8243; _module_preset=&#8221;default&#8221; type=&#8221;1_2&#8243;][et_pb_image src=&#8221;https:\/\/www.innovacryobank.com\/wp-content\/uploads\/2021\/06\/shutterstock_428460793_r_2.jpg&#8221; _builder_version=&#8221;4.10.7&#8243; _module_preset=&#8221;default&#8221; title_text=&#8221;shutterstock_428460793_r_2&#8243; hover_enabled=&#8221;0&#8243; sticky_enabled=&#8221;0&#8243;][\/et_pb_image][\/et_pb_column][\/et_pb_row][\/et_pb_section][et_pb_section fb_built=&#8221;1&#8243; _builder_version=&#8221;4.10.7&#8243; _module_preset=&#8221;default&#8221; background_color=&#8221;rgba(0,153,168,0.15)&#8221; hover_enabled=&#8221;0&#8243; sticky_enabled=&#8221;0&#8243;][et_pb_row _builder_version=&#8221;4.10.7&#8243; _module_preset=&#8221;default&#8221; column_structure=&#8221;1_2,1_2&#8243;][et_pb_column _builder_version=&#8221;4.10.7&#8243; _module_preset=&#8221;default&#8221; type=&#8221;1_2&#8243;][et_pb_image src=&#8221;https:\/\/www.innovacryobank.com\/wp-content\/uploads\/2021\/06\/shutterstock_1007280952_r.jpg&#8221; _builder_version=&#8221;4.10.7&#8243; _module_preset=&#8221;default&#8221; title_text=&#8221;shutterstock_1007280952_r&#8221; hover_enabled=&#8221;0&#8243; sticky_enabled=&#8221;0&#8243;][\/et_pb_image][\/et_pb_column][et_pb_column _builder_version=&#8221;4.10.7&#8243; _module_preset=&#8221;default&#8221; type=&#8221;1_2&#8243;][et_pb_text _builder_version=&#8221;4.9.3&#8243; text_font_size=&#8221;16px&#8221; header_font_size=&#8221;36px&#8221; max_width=&#8221;600px&#8221; custom_margin_tablet=&#8221;0px|50px||50px&#8221; custom_margin_phone=&#8221;|20px||&#8221; custom_margin_last_edited=&#8221;off|desktop&#8221; header_2_font_size_phone=&#8221;30px&#8221; header_2_font_size_last_edited=&#8221;off|desktop&#8221; locked=&#8221;off&#8221; global_colors_info=&#8221;{}&#8221;]<\/p>\n<h1>Fertility Preservation<br \/>for Cancer Patients<\/h1>\n<p>[\/et_pb_text][et_pb_text _builder_version=&#8221;4.9.3&#8243; text_font_size=&#8221;16px&#8221; text_line_height=&#8221;2em&#8221; link_font=&#8221;||||||||&#8221; ul_font=&#8221;||||||||&#8221; ol_font=&#8221;||||||||&#8221; quote_font=&#8221;||||||||&#8221; header_2_font=&#8221;Bree Serif|300|||||||&#8221; header_2_text_color=&#8221;#212d3b&#8221; header_2_font_size=&#8221;40px&#8221; header_2_line_height=&#8221;1.5em&#8221; header_3_font=&#8221;Bree Serif||||||||&#8221; header_4_font=&#8221;Bree Serif||||||||&#8221; header_5_font=&#8221;Bree Serif||||||||&#8221; header_6_font=&#8221;Bree Serif||||||||&#8221; max_width=&#8221;600px&#8221; custom_margin_tablet=&#8221;0px|50px||50px&#8221; custom_margin_last_edited=&#8221;off|desktop&#8221; locked=&#8221;off&#8221; global_colors_info=&#8221;{}&#8221;]<\/p>\n<p style=\"font-weight: 400;\"><span>The innovative integrated anti-cancer treatments are undoubtedly efficient and produce improved responses with increased survival rates.<\/span><\/p>\n<p style=\"font-weight: 400;\"><span>A large number of patients get a chance to have a family following the cancer healing.<\/span><\/p>\n<p style=\"font-weight: 400;\"><span>For these patients we offer the best strategies for urgent fertility preservation.<\/span><\/p>\n<p>[\/et_pb_text][\/et_pb_column][\/et_pb_row][\/et_pb_section][et_pb_section fb_built=&#8221;1&#8243; _builder_version=&#8221;4.9.3&#8243; _module_preset=&#8221;default&#8221; global_colors_info=&#8221;{}&#8221;][et_pb_row _builder_version=&#8221;4.9.3&#8243; _module_preset=&#8221;default&#8221; global_colors_info=&#8221;{}&#8221;][et_pb_column type=&#8221;4_4&#8243; _builder_version=&#8221;4.9.3&#8243; _module_preset=&#8221;default&#8221; global_colors_info=&#8221;{}&#8221;][et_pb_text _builder_version=&#8221;4.9.3&#8243; text_font_size=&#8221;16px&#8221; text_line_height=&#8221;2em&#8221; link_font=&#8221;||||||||&#8221; ul_font=&#8221;||||||||&#8221; ol_font=&#8221;||||||||&#8221; quote_font=&#8221;||||||||&#8221; header_2_font=&#8221;Bree Serif|300|||||||&#8221; header_2_text_color=&#8221;#212d3b&#8221; header_2_font_size=&#8221;40px&#8221; header_2_line_height=&#8221;1.5em&#8221; header_3_font=&#8221;Bree Serif||||||||&#8221; header_4_font=&#8221;Bree Serif||||||||&#8221; header_5_font=&#8221;Bree Serif||||||||&#8221; header_6_font=&#8221;Bree Serif||||||||&#8221; custom_margin_tablet=&#8221;0px|50px||50px&#8221; custom_margin_last_edited=&#8221;off|desktop&#8221; locked=&#8221;off&#8221; global_colors_info=&#8221;{}&#8221;]<\/p>\n<p>The most important reason to choose for the cryopreservation of oocytes is the decrease in oocyte quantity and quality that comes with age.<\/p>\n<p>Since the chances of pregnancy start to decrease notably at the age of 35, Social Freezing has a higher success rate when women start to consider it as early as possible.<\/p>\n<p>In <strong>INNOVA CRYO BANK<\/strong> your oocytes will be safely stored. This precious deposit will allow you to relax and plan your life in the most effective way.<\/p>\n<p>[\/et_pb_text][\/et_pb_column][\/et_pb_row][\/et_pb_section][et_pb_section fb_built=&#8221;1&#8243; admin_label=&#8221;Hero&#8221; _builder_version=&#8221;4.9.3&#8243; background_color=&#8221;#f8fbfe&#8221; use_background_color_gradient=&#8221;on&#8221; background_color_gradient_start=&#8221;#0099a8&#8243; background_color_gradient_end=&#8221;#0b758f&#8221; background_color_gradient_type=&#8221;radial&#8221; background_color_gradient_direction_radial=&#8221;top&#8221; background_color_gradient_start_position=&#8221;50%&#8221; background_color_gradient_overlays_image=&#8221;on&#8221; background_blend=&#8221;overlay&#8221; custom_margin=&#8221;||||false|false&#8221; custom_padding=&#8221;0||0||false|false&#8221; top_divider_height=&#8221;50px&#8221; animation_direction=&#8221;bottom&#8221; global_colors_info=&#8221;{}&#8221;][et_pb_row column_structure=&#8221;2_3,1_3&#8243; _builder_version=&#8221;3.25&#8243; custom_padding=&#8221;41px|0px|60px|0px|false|false&#8221; global_colors_info=&#8221;{}&#8221;][et_pb_column type=&#8221;2_3&#8243; _builder_version=&#8221;3.25&#8243; custom_padding=&#8221;|||&#8221; global_colors_info=&#8221;{}&#8221; custom_padding__hover=&#8221;|||&#8221;][et_pb_text _builder_version=&#8221;4.9.3&#8243; text_font=&#8221;Open Sans||||||||&#8221; text_text_color=&#8221;#ffffff&#8221; text_font_size=&#8221;28px&#8221; header_2_font=&#8221;Bree Serif||||||||&#8221; header_3_font=&#8221;Bree Serif||||||||&#8221; header_4_font=&#8221;Bree Serif||||||||&#8221; custom_padding=&#8221;15px|||&#8221; global_colors_info=&#8221;{}&#8221;]<\/p>\n<p>For further details, please, contact our coordinator<\/p>\n<p>[\/et_pb_text][\/et_pb_column][et_pb_column type=&#8221;1_3&#8243; _builder_version=&#8221;3.25&#8243; custom_padding=&#8221;|||&#8221; global_colors_info=&#8221;{}&#8221; custom_padding__hover=&#8221;|||&#8221;][et_pb_button button_url=&#8221;\/en\/contact&#8221; button_text=&#8221;Contact us&#8221; _builder_version=&#8221;4.10.7&#8243; background_layout=&#8221;dark&#8221; hover_enabled=&#8221;0&#8243; global_colors_info=&#8221;{}&#8221; button_text_size__hover_enabled=&#8221;off&#8221; button_one_text_size__hover_enabled=&#8221;off&#8221; button_two_text_size__hover_enabled=&#8221;off&#8221; button_text_color__hover_enabled=&#8221;off&#8221; button_one_text_color__hover_enabled=&#8221;off&#8221; button_two_text_color__hover_enabled=&#8221;off&#8221; button_border_width__hover_enabled=&#8221;off&#8221; button_one_border_width__hover_enabled=&#8221;off&#8221; button_two_border_width__hover_enabled=&#8221;off&#8221; button_border_color__hover_enabled=&#8221;off&#8221; button_one_border_color__hover_enabled=&#8221;off&#8221; button_two_border_color__hover_enabled=&#8221;off&#8221; button_border_radius__hover_enabled=&#8221;off&#8221; button_one_border_radius__hover_enabled=&#8221;off&#8221; button_two_border_radius__hover_enabled=&#8221;off&#8221; button_letter_spacing__hover_enabled=&#8221;off&#8221; button_one_letter_spacing__hover_enabled=&#8221;off&#8221; button_two_letter_spacing__hover_enabled=&#8221;off&#8221; button_bg_color__hover_enabled=&#8221;off&#8221; button_one_bg_color__hover_enabled=&#8221;off&#8221; button_two_bg_color__hover_enabled=&#8221;off&#8221; sticky_enabled=&#8221;0&#8243;][\/et_pb_button][\/et_pb_column][\/et_pb_row][\/et_pb_section]<\/p>\n","protected":false},"excerpt":{"rendered":"<p>Fertility PreservationFertility Insurancefor womenModern life is extremely dynamic. A woman needs time at first for her studies, then building a career. Unfortunately, female reproductive age is limited. We offer a very smart technology of \u201cSocial freezing\u201d if a woman wishes to postpone pregnancy and save her high-quality oocytes for a possible future desire to have [&hellip;]<\/p>\n","protected":false},"author":1,"featured_media":0,"parent":0,"menu_order":0,"comment_status":"closed","ping_status":"closed","template":"","meta":{"_et_pb_use_builder":"on","_et_pb_old_content":"","_et_gb_content_width":"","_monsterinsights_skip_tracking":false,"_monsterinsights_sitenote_active":false,"_monsterinsights_sitenote_note":"","_monsterinsights_sitenote_category":0,"_joinchat":[],"footnotes":""},"class_list":["post-779","page","type-page","status-publish","hentry"],"yoast_head":"<!-- This site is optimized with the Yoast SEO plugin v27.6 - https:\/\/yoast.com\/product\/yoast-seo-wordpress\/ -->\n<title>Fertility Preservation - Donaci\u00f3n de semen y \u00f3vulos en Logro\u00f1o \u2013 Innova Cryobank<\/title>\n<meta name=\"robots\" content=\"index, follow, max-snippet:-1, max-image-preview:large, max-video-preview:-1\" \/>\n<link rel=\"canonical\" href=\"https:\/\/www.innovacryobank.com\/en\/fertility-preservation\/\" \/>\n<meta property=\"og:locale\" content=\"en_US\" \/>\n<meta property=\"og:type\" content=\"article\" \/>\n<meta property=\"og:title\" content=\"Fertility Preservation - Donaci\u00f3n de semen y \u00f3vulos en Logro\u00f1o \u2013 Innova Cryobank\" \/>\n<meta property=\"og:description\" content=\"Fertility PreservationFertility Insurancefor womenModern life is extremely dynamic. A woman needs time at first for her studies, then building a career. Unfortunately, female reproductive age is limited. We offer a very smart technology of \u201cSocial freezing\u201d if a woman wishes to postpone pregnancy and save her high-quality oocytes for a possible future desire to have [&hellip;]\" \/>\n<meta property=\"og:url\" content=\"https:\/\/www.innovacryobank.com\/en\/fertility-preservation\/\" \/>\n<meta property=\"og:site_name\" content=\"Donaci\u00f3n de semen y \u00f3vulos en Logro\u00f1o \u2013 Innova Cryobank\" \/>\n<meta property=\"article:modified_time\" content=\"2021-09-13T18:13:12+00:00\" \/>\n<meta name=\"twitter:card\" content=\"summary_large_image\" \/>\n<meta name=\"twitter:label1\" content=\"Est. reading time\" \/>\n\t<meta name=\"twitter:data1\" content=\"3 minutes\" \/>\n<script type=\"application\/ld+json\" class=\"yoast-schema-graph\">{\"@context\":\"https:\\\/\\\/schema.org\",\"@graph\":[{\"@type\":\"WebPage\",\"@id\":\"https:\\\/\\\/www.innovacryobank.com\\\/en\\\/fertility-preservation\\\/\",\"url\":\"https:\\\/\\\/www.innovacryobank.com\\\/en\\\/fertility-preservation\\\/\",\"name\":\"Fertility Preservation - Donaci\u00f3n de semen y \u00f3vulos en Logro\u00f1o \u2013 Innova Cryobank\",\"isPartOf\":{\"@id\":\"https:\\\/\\\/www.innovacryobank.com\\\/en\\\/#website\"},\"datePublished\":\"2021-04-08T14:56:52+00:00\",\"dateModified\":\"2021-09-13T18:13:12+00:00\",\"breadcrumb\":{\"@id\":\"https:\\\/\\\/www.innovacryobank.com\\\/en\\\/fertility-preservation\\\/#breadcrumb\"},\"inLanguage\":\"en-US\",\"potentialAction\":[{\"@type\":\"ReadAction\",\"target\":[\"https:\\\/\\\/www.innovacryobank.com\\\/en\\\/fertility-preservation\\\/\"]}]},{\"@type\":\"BreadcrumbList\",\"@id\":\"https:\\\/\\\/www.innovacryobank.com\\\/en\\\/fertility-preservation\\\/#breadcrumb\",\"itemListElement\":[{\"@type\":\"ListItem\",\"position\":1,\"name\":\"Portada\",\"item\":\"https:\\\/\\\/www.innovacryobank.com\\\/en\\\/\"},{\"@type\":\"ListItem\",\"position\":2,\"name\":\"Fertility Preservation\"}]},{\"@type\":\"WebSite\",\"@id\":\"https:\\\/\\\/www.innovacryobank.com\\\/en\\\/#website\",\"url\":\"https:\\\/\\\/www.innovacryobank.com\\\/en\\\/\",\"name\":\"Donaci\u00f3n de semen y \u00f3vulos en Logro\u00f1o \u2013 Innova Cryobank\",\"description\":\"YOUR MOST RELIABLE AND SAFEST PARTNER IN REACHING THE BEST RESULTS\",\"potentialAction\":[{\"@type\":\"SearchAction\",\"target\":{\"@type\":\"EntryPoint\",\"urlTemplate\":\"https:\\\/\\\/www.innovacryobank.com\\\/en\\\/?s={search_term_string}\"},\"query-input\":{\"@type\":\"PropertyValueSpecification\",\"valueRequired\":true,\"valueName\":\"search_term_string\"}}],\"inLanguage\":\"en-US\"}]}<\/script>\n<!-- \/ Yoast SEO plugin. -->","yoast_head_json":{"title":"Fertility Preservation - Donaci\u00f3n de semen y \u00f3vulos en Logro\u00f1o \u2013 Innova Cryobank","robots":{"index":"index","follow":"follow","max-snippet":"max-snippet:-1","max-image-preview":"max-image-preview:large","max-video-preview":"max-video-preview:-1"},"canonical":"https:\/\/www.innovacryobank.com\/en\/fertility-preservation\/","og_locale":"en_US","og_type":"article","og_title":"Fertility Preservation - Donaci\u00f3n de semen y \u00f3vulos en Logro\u00f1o \u2013 Innova Cryobank","og_description":"Fertility PreservationFertility Insurancefor womenModern life is extremely dynamic. A woman needs time at first for her studies, then building a career. Unfortunately, female reproductive age is limited. We offer a very smart technology of \u201cSocial freezing\u201d if a woman wishes to postpone pregnancy and save her high-quality oocytes for a possible future desire to have [&hellip;]","og_url":"https:\/\/www.innovacryobank.com\/en\/fertility-preservation\/","og_site_name":"Donaci\u00f3n de semen y \u00f3vulos en Logro\u00f1o \u2013 Innova Cryobank","article_modified_time":"2021-09-13T18:13:12+00:00","twitter_card":"summary_large_image","twitter_misc":{"Est. reading time":"3 minutes"},"schema":{"@context":"https:\/\/schema.org","@graph":[{"@type":"WebPage","@id":"https:\/\/www.innovacryobank.com\/en\/fertility-preservation\/","url":"https:\/\/www.innovacryobank.com\/en\/fertility-preservation\/","name":"Fertility Preservation - Donaci\u00f3n de semen y \u00f3vulos en Logro\u00f1o \u2013 Innova Cryobank","isPartOf":{"@id":"https:\/\/www.innovacryobank.com\/en\/#website"},"datePublished":"2021-04-08T14:56:52+00:00","dateModified":"2021-09-13T18:13:12+00:00","breadcrumb":{"@id":"https:\/\/www.innovacryobank.com\/en\/fertility-preservation\/#breadcrumb"},"inLanguage":"en-US","potentialAction":[{"@type":"ReadAction","target":["https:\/\/www.innovacryobank.com\/en\/fertility-preservation\/"]}]},{"@type":"BreadcrumbList","@id":"https:\/\/www.innovacryobank.com\/en\/fertility-preservation\/#breadcrumb","itemListElement":[{"@type":"ListItem","position":1,"name":"Portada","item":"https:\/\/www.innovacryobank.com\/en\/"},{"@type":"ListItem","position":2,"name":"Fertility Preservation"}]},{"@type":"WebSite","@id":"https:\/\/www.innovacryobank.com\/en\/#website","url":"https:\/\/www.innovacryobank.com\/en\/","name":"Donaci\u00f3n de semen y \u00f3vulos en Logro\u00f1o \u2013 Innova Cryobank","description":"YOUR MOST RELIABLE AND SAFEST PARTNER IN REACHING THE BEST RESULTS","potentialAction":[{"@type":"SearchAction","target":{"@type":"EntryPoint","urlTemplate":"https:\/\/www.innovacryobank.com\/en\/?s={search_term_string}"},"query-input":{"@type":"PropertyValueSpecification","valueRequired":true,"valueName":"search_term_string"}}],"inLanguage":"en-US"}]}},"_links":{"self":[{"href":"https:\/\/www.innovacryobank.com\/en\/wp-json\/wp\/v2\/pages\/779","targetHints":{"allow":["GET"]}}],"collection":[{"href":"https:\/\/www.innovacryobank.com\/en\/wp-json\/wp\/v2\/pages"}],"about":[{"href":"https:\/\/www.innovacryobank.com\/en\/wp-json\/wp\/v2\/types\/page"}],"author":[{"embeddable":true,"href":"https:\/\/www.innovacryobank.com\/en\/wp-json\/wp\/v2\/users\/1"}],"replies":[{"embeddable":true,"href":"https:\/\/www.innovacryobank.com\/en\/wp-json\/wp\/v2\/comments?post=779"}],"version-history":[{"count":10,"href":"https:\/\/www.innovacryobank.com\/en\/wp-json\/wp\/v2\/pages\/779\/revisions"}],"predecessor-version":[{"id":1213,"href":"https:\/\/www.innovacryobank.com\/en\/wp-json\/wp\/v2\/pages\/779\/revisions\/1213"}],"wp:attachment":[{"href":"https:\/\/www.innovacryobank.com\/en\/wp-json\/wp\/v2\/media?parent=779"}],"curies":[{"name":"wp","href":"https:\/\/api.w.org\/{rel}","templated":true}]}}